{"id":92,"date":"2020-06-03T12:30:31","date_gmt":"2020-06-03T10:30:31","guid":{"rendered":"http:\/\/porfolio.toniescabias.com\/?page_id=92"},"modified":"2021-10-11T12:42:05","modified_gmt":"2021-10-11T10:42:05","slug":"certificacio-acc-per-la-icf","status":"publish","type":"page","link":"https:\/\/porfolio.toniescabias.com\/index.php\/certificacio-acc-per-la-icf\/","title":{"rendered":"Certificacions"},"content":{"rendered":"\n<h1 class=\"wp-block-heading\"><strong>Coach ACC per la ICF<\/strong><\/h1>\n\n\n\n<figure class=\"wp-block-image size-full is-resized\"><a href=\"https:\/\/www.credly.com\/badges\/1ed3020b-d208-4cb5-8487-5ab0dbc4fd8a\/public_url\" target=\"_blank\" rel=\"noopener\"><img loading=\"lazy\" decoding=\"async\" src=\"http:\/\/porfolio.toniescabias.com\/wp-content\/uploads\/2021\/10\/ACC.png\" alt=\"\" class=\"wp-image-111\" width=\"166\" height=\"166\" srcset=\"https:\/\/porfolio.toniescabias.com\/wp-content\/uploads\/2021\/10\/ACC.png 246w, https:\/\/porfolio.toniescabias.com\/wp-content\/uploads\/2021\/10\/ACC-150x150.png 150w, https:\/\/porfolio.toniescabias.com\/wp-content\/uploads\/2021\/10\/ACC-100x100.png 100w\" sizes=\"(max-width: 166px) 100vw, 166px\" \/><\/a><\/figure>\n\n\n\n<figure class=\"wp-block-image size-full is-resized\"><img loading=\"lazy\" decoding=\"async\" src=\"https:\/\/porfolio.toniescabias.com\/wp-content\/uploads\/2021\/10\/ICF-1.png\" alt=\"\" class=\"wp-image-123\" width=\"220\" height=\"70\" srcset=\"https:\/\/porfolio.toniescabias.com\/wp-content\/uploads\/2021\/10\/ICF-1.png 581w, https:\/\/porfolio.toniescabias.com\/wp-content\/uploads\/2021\/10\/ICF-1-300x96.png 300w\" sizes=\"(max-width: 220px) 100vw, 220px\" \/><\/figure>\n\n\n\n<p>Acreditaci\u00f3 internacional com a <strong>Asociate Certified Coach<\/strong>, otorgat per la ICF (International Coaching Federation).<\/p>\n\n\n\n<p>Aquesta acreditaci\u00f3 reconeix les meves capacitats i compet\u00e8ncies en els seg\u00fcents \u00e0mbits<\/p>\n\n\n\n<ul><li><strong>Coach Executiu<\/strong> en Entorns Empresarials<\/li><li><strong>Coach d&#8217;Equips<\/strong> d&#8217;alt rendiment<\/li><li>Personal Executive Coach en la gesti\u00f3 de lideratge per a rols Alts i intermitjos<\/li><li><strong>Coach Agile<\/strong> per en projectes de sistemes TIC en Agilisme en organitzacions<\/li><li><strong>Coach Sist\u00e8mic<\/strong> per organitzacions <\/li><\/ul>\n\n\n\n<p><\/p>\n\n\n\n<p><\/p>\n\n\n\n<h1 class=\"wp-block-heading\"><strong>Agile Coach<\/strong><\/h1>\n\n\n\n<p>Certificat en Agile Coaching per crear i acompanyar <strong>equips d&#8217;alt rendiment<\/strong><\/p>\n\n\n\n<p><\/p>\n\n\n\n<a href=\"https:\/\/scrummanager.com\/website\/c\/profile\/member.php?id=34914\"><img decoding=\"async\" alt=\"Agile Coach\" src=\"https:\/\/scrummanager.com\/intranet\/files\/credential\/29\/smalllogo.png\"><\/a>\n\n\n\n<a href=\"https:\/\/scrummanager.com\/website\/c\/profile\/member.php?id=34914\"><img decoding=\"async\" alt=\"Scrum Master\" src=\"https:\/\/scrummanager.com\/intranet\/files\/credential\/6\/smalllogo.png\"><\/a>\n\n\n\n<a href=\"https:\/\/scrummanager.com\/website\/c\/profile\/member.php?id=34914\"><img decoding=\"async\" alt=\"Scrum Level Essentials\" src=\"https:\/\/scrummanager.com\/intranet\/files\/credential\/19\/smalllogo.png\"><\/a>\n\n\n\n<a href=\"https:\/\/scrummanager.com\/website\/c\/profile\/member.php?id=34914\"><img decoding=\"async\" alt=\"Agile Scaling\" src=\"https:\/\/scrummanager.com\/intranet\/files\/credential\/30\/smalllogo.png\"><\/a>\n\n\n\n<a href=\"https:\/\/scrummanager.com\/website\/c\/profile\/member.php?id=34914\"><img decoding=\"async\" alt=\"Scrum Manager Autoridad\" src=\"https:\/\/scrummanager.com\/website\/img\/autoridad-es.png\"><\/a>\n\n\n\n<figure class=\"wp-block-image size-full is-resized\"><a href=\"https:\/\/www.credential.net\/7922b1f8-3050-4e96-8bd7-58589bf2eff8\" target=\"_blank\" rel=\"noopener\"><img loading=\"lazy\" decoding=\"async\" src=\"http:\/\/porfolio.toniescabias.com\/wp-content\/uploads\/2021\/10\/coach_equipos.png\" alt=\"\" class=\"wp-image-121\" width=\"398\" height=\"281\" srcset=\"https:\/\/porfolio.toniescabias.com\/wp-content\/uploads\/2021\/10\/coach_equipos.png 600w, https:\/\/porfolio.toniescabias.com\/wp-content\/uploads\/2021\/10\/coach_equipos-300x212.png 300w\" sizes=\"(max-width: 398px) 100vw, 398px\" \/><\/a><\/figure>\n\n\n\n<p><\/p>\n","protected":false},"excerpt":{"rendered":"<p>Coach ACC per la ICF Acreditaci\u00f3 internacional com a Asociate Certified Coach, otorgat per la ICF (International Coaching Federation). Aquesta acreditaci\u00f3 reconeix les meves capacitats i compet\u00e8ncies en els seg\u00fcents \u00e0mbits Coach Executiu en Entorns Empresarials Coach d&#8217;Equips d&#8217;alt rendiment Personal Executive Coach en la gesti\u00f3 de lideratge per a rols Alts i intermitjos Coach [&hellip;]<\/p>\n","protected":false},"author":1,"featured_media":40,"parent":0,"menu_order":0,"comment_status":"closed","ping_status":"closed","template":"","meta":{"footnotes":""},"_links":{"self":[{"href":"https:\/\/porfolio.toniescabias.com\/index.php\/wp-json\/wp\/v2\/pages\/92"}],"collection":[{"href":"https:\/\/porfolio.toniescabias.com\/index.php\/wp-json\/wp\/v2\/pages"}],"about":[{"href":"https:\/\/porfolio.toniescabias.com\/index.php\/wp-json\/wp\/v2\/types\/page"}],"author":[{"embeddable":true,"href":"https:\/\/porfolio.toniescabias.com\/index.php\/wp-json\/wp\/v2\/users\/1"}],"replies":[{"embeddable":true,"href":"https:\/\/porfolio.toniescabias.com\/index.php\/wp-json\/wp\/v2\/comments?post=92"}],"version-history":[{"count":9,"href":"https:\/\/porfolio.toniescabias.com\/index.php\/wp-json\/wp\/v2\/pages\/92\/revisions"}],"predecessor-version":[{"id":125,"href":"https:\/\/porfolio.toniescabias.com\/index.php\/wp-json\/wp\/v2\/pages\/92\/revisions\/125"}],"wp:featuredmedia":[{"embeddable":true,"href":"https:\/\/porfolio.toniescabias.com\/index.php\/wp-json\/wp\/v2\/media\/40"}],"wp:attachment":[{"href":"https:\/\/porfolio.toniescabias.com\/index.php\/wp-json\/wp\/v2\/media?parent=92"}],"curies":[{"name":"wp","href":"https:\/\/api.w.org\/{rel}","templated":true}]}}